{"id":5420,"date":"2024-07-10T22:06:17","date_gmt":"2024-07-10T22:06:17","guid":{"rendered":"https:\/\/sacowork.com\/?page_id=5420"},"modified":"2024-07-11T15:04:17","modified_gmt":"2024-07-11T15:04:17","slug":"privacy-policy","status":"publish","type":"page","link":"https:\/\/sacowork.com\/es\/privacy-policy\/","title":{"rendered":"Pol\u00edtica de Privacidad"},"content":{"rendered":"<h4 class=\"wp-block-heading\">Fecha de Entrada en Vigor: 17 de Septiembre de 2012<\/h4>\n\n\n\n<h2 class=\"wp-block-heading\">Quienes Somos<\/h2>\n\n\n\n<p class=\"\">Venture X, (\" compa\u00f1\u00eda \") se compromete a proteger su privacidad. Esta declaraci\u00f3n de\nprivacidad explica las pr\u00e1cticas de recolecci\u00f3n y uso de datos de la compa\u00f1\u00eda en relaci\u00f3n con\neste sitio web (el \"sitio\"). Regula el uso que usted hace del sitio web y de nuestros servicios y productos, incluidos todos los programas inform\u00e1ticos, funciones y herramientas ofrecidos por o a trav\u00e9s de nosotros. Al acceder al sitio, usted acepta las pr\u00e1cticas de recolecci\u00f3n y uso de la informaci\u00f3n descritas en esta declaraci\u00f3n de privacidad. No vendemos ninguna informaci\u00f3n personal. La informaci\u00f3n que proporcione se mantendr\u00e1 confidencial y se utilizar\u00e1 para apoyar\nsu relaci\u00f3n con nosotros.<\/p>\n\n\n\n<p class=\"\">La direcci\u00f3n de nuestro sitio web es: sacowork.com. <a href=\"https:\/\/sacowork.com\/es\/\" target=\"_blank\" rel=\"noopener\" title=\"\">sacowork.com<\/a>.<\/p>\n\n\n\n<h2 class=\"wp-block-heading\">Recolecci\u00f3n de Su Informaci\u00f3n Personal<\/h2>\n\n\n\n<p class=\"\">Podemos recolectar, almacenar y utilizar informaci\u00f3n que le identifique personalmente\n(informaci\u00f3n personal) para fines espec\u00edficos. Podemos utilizar la informaci\u00f3n para apoyar y\nmejorar la relaci\u00f3n con usted, como al recibir informaci\u00f3n sobre nuestros productos y servicios, al inscribirse en un evento o entrenamiento, o al comprar, descargar y\/o registrar nuestros productos. La informaci\u00f3n personal que recopilamos puede incluir, entre otros, los siguientes\ndatos:<\/p>\n\n\n\n<p class=\"\">Relacionados con el registro: nombre, cargo, nombre de la compa\u00f1\u00eda u organizaci\u00f3n,\ndirecci\u00f3n(es) de correo electr\u00f3nico, n\u00famero(s) de tel\u00e9fono, n\u00famero(s) de fax, direcci\u00f3n(es) del\ntrabajo y\/o del domicilio, fecha de nacimiento, sexo, informaci\u00f3n sobre su funci\u00f3n laboral e\ninformaci\u00f3n general sobre su compa\u00f1\u00eda u organizaci\u00f3n;<br>Relacionadas con transacciones: informaci\u00f3n de env\u00edo y facturaci\u00f3n, informaci\u00f3n de tarjeta de\ncr\u00e9dito u otros medios de pago preferidos, historial de compras;<br>Informaci\u00f3n sobre el uso: frecuencia de uso, respuestas a ofertas, tipos de caracter\u00edsticas\nutilizadas;<br>Informaci\u00f3n sobre atenci\u00f3n al cliente: informaci\u00f3n sobre la cuenta;<br>Informaci\u00f3n agregada; y la<br>Informaci\u00f3n complementaria sobre usted recibida de otras compa\u00f1\u00edas.<br>El sitio tambi\u00e9n puede recolectar cierta informaci\u00f3n t\u00e9cnica sobre su visita. Puede incluir informaci\u00f3n como el nombre del proveedor de servicios de Internet y la direcci\u00f3n de protocolo de Internet (IP) a trav\u00e9s de la cual accede a Internet; el tipo de sistema operativo que utiliza, la fecha y hora de acceso al sitio; las p\u00e1ginas a las que accede mientras est\u00e1 en el sitio, su forma de conectarse a Internet, la direcci\u00f3n de Internet del sitio web desde el que enlaz\u00f3 directamente con nuestro sitio, otra informaci\u00f3n sobre su ubicaci\u00f3n geogr\u00e1fica y el nombre de dominio de su proveedor de servicios de Internet.<\/p>\n\n\n\n<h2 class=\"wp-block-heading\">Uso de la Informaci\u00f3n Personal Recolectada<\/h2>\n\n\n\n<p class=\"\">La informaci\u00f3n personal recolectada en este sitio se utilizar\u00e1 para prestar los servicios o realizar las transacciones que usted haya solicitado o autorizado. En apoyo de estos usos, podemos utilizar la informaci\u00f3n personal para proporcionarle un servicio al cliente m\u00e1s eficaz, para mejorar el sitio y cualquier producto o servicio relacionado, y para hacer que el sitio sea m\u00e1s f\u00e1cil de usar eliminando la necesidad de que introduzca repetidamente la misma informaci\u00f3n o personalizando el sitio seg\u00fan sus preferencias o intereses particulares.<\/p>\n\n\n\n<p class=\"\">Podemos utilizar sus informaci\u00f3n personal para proporcionarle informaci\u00f3n importante sobre\nlos productos o servicios que est\u00e1 utilizando, incluyendo actualizaciones cr\u00edticas y\nnotificaciones. Adem\u00e1s, con su autorizaci\u00f3n, podemos compartir informaci\u00f3n con nuestros\nsocios para que puedan enviarle informaci\u00f3n sobre sus productos y servicios.<\/p>\n\n\n\n<p class=\"\">Cuando se registra para recibir correos electr\u00f3nicos promocionales, podemos utilizar enlaces personalizados o tecnolog\u00edas similares para rastrear los enlaces de correo electr\u00f3nico en los que hace clic. Podemos asociar esa informaci\u00f3n con sus datos personales para proporcionarle comunicaciones por correo electr\u00f3nico m\u00e1s focalizadas o informaci\u00f3n de compra. Cada comunicaci\u00f3n por correo electr\u00f3nico incluye un enlace para darse de baja que le permite interrumpir el env\u00edo de ese tipo de comunicaci\u00f3n.<\/p>\n\n\n\n<p class=\"\">Ocasionalmente contratamos a otras empresas para que presten servicios limitados en nuestro\nnombre, como alojamiento de sitios web, empaquetado, env\u00edo por correo y entrega de\npremios, y env\u00edo de informaci\u00f3n sobre nuestros productos, ofertas especiales y otros servicios.\nS\u00f3lo proporcionaremos a esas empresas la informaci\u00f3n personal necesaria para prestar el\nservicio. Est\u00e1n obligadas a mantener la confidencialidad de la informaci\u00f3n y a respetar esta pol\u00edtica de privacidad, y tienen prohibido utilizar esa informaci\u00f3n para cualquier otro fin.<\/p>\n\n\n\n<p class=\"\">Podemos compartir su informaci\u00f3n dentro de la empresa y sus divisiones comerciales. Su\ninformaci\u00f3n no se compartir\u00e1 con terceros a menos que sea necesario para realizar una\ntransacci\u00f3n que usted haya solicitado, o en otras circunstancias en las que usted haya dado su consentimiento para compartir su informaci\u00f3n. Se les exige que protejan esta informaci\u00f3n de manera consistente con la presente Pol\u00edtica de Privacidad. Podemos utilizar su informaci\u00f3n para\npresentarle ofertas en nombre de socios comerciales. Estos socios comerciales pueden recibir datos agregados sobre grupos de usuarios, pero no reciben informaci\u00f3n que le identifique personalmente.<\/p>\n\n\n\n<p class=\"\">Tambi\u00e9n podemos utilizar los datos personales recolectados para fines internos, es decir, para\nresolver problemas t\u00e9cnicos, calcular estad\u00edsticas generales de uso, m\u00e1rketing interno y fines\npromocionales, desarrollo de productos y mejora de contenidos.<\/p>\n\n\n\n<p class=\"\">Podemos revelar informaci\u00f3n personal si as\u00ed lo exige la ley o si creemos de buena fe que dicha acci\u00f3n es necesaria para (a) cumplir con los edictos de la ley o cumplir con un proceso legal que sea notificado a nosotros o al sitio web; (b) proteger y defender los derechos o la propiedad de la compa\u00f1\u00eda; o (c) actuar en circunstancias urgentes para proteger la seguridad personal de nuestros empleados o agentes, usuarios de nuestros productos o servicios, o miembros del p\u00fablico en general. Cooperaremos con las autoridades de la ley.<\/p>\n\n\n\n<p class=\"\">Nos reservamos el derecho a transferir su informaci\u00f3n personal en caso de una transferencia de propiedad, como la adquisici\u00f3n o fusi\u00f3n con otra empresa. En tal caso, le notificaremos antes que la informaci\u00f3n se transfiera y quede sujeta a una pol\u00edtica de privacidad diferente. Tambi\u00e9n le aconsejamos que consulte peri\u00f3dicamente esta p\u00e1gina para conocer las actualizaciones a la pol\u00edtica.<\/p>\n\n\n\n<h2 class=\"wp-block-heading\">Acceso a los Datos Personales y Capacidad de Corregirlos<\/h2>\n\n\n\n<p class=\"\">Previa solicitud por correo postal, correo electr\u00f3nico o tel\u00e9fono, proporcionaremos a los\nusuarios un resumen de la informaci\u00f3n de identificaci\u00f3n personal que conservamos. Usted podr\u00e1 modificar, corregir, cambiar o actualizar los datos de identificaci\u00f3n personal que hayamos recolectado en el sitio poni\u00e9ndose en contacto con nosotros por correo postal, correo electr\u00f3nico o al n\u00famero de tel\u00e9fono que se indica a continuaci\u00f3n:<\/p>\n\n\n\n<p class=\"\"><strong>Venture X<\/strong><br>Attn: Webmaster<br>2121 Vista Parkway<br>West Palm Beach, FL 33411<br>contact@venturex.com<\/p>\n\n\n\n<p class=\"\">Adem\u00e1s, puede darse de baja en cualquier momento para que no se utilicen sus datos\npersonales para cualquier fin poni\u00e9ndose en contacto con nosotros por cualquiera de los\nmedios indicados anteriormente.<\/p>\n\n\n\n<h2 class=\"wp-block-heading\">Menores de 13 A\u00f1os<\/h2>\n\n\n\n<p class=\"\">No solicitamos conscientemente informaci\u00f3n a menores y no comercializamos\nconscientemente el sitio o sus servicios a menores. Ninguna persona menor de 13 a\u00f1os debe enviarnos informaci\u00f3n personal a nosotros y\/o al sitio. Si tenemos conocimiento que una persona que nos env\u00eda informaci\u00f3n personal a trav\u00e9s de cualquier parte del sitio es un ni\u00f1o, la informaci\u00f3n se eliminar\u00e1 inmediatamente. Por lo tanto, no conservamos ninguna informaci\u00f3n sobre ni\u00f1os que pueda ser revisada o eliminada. Si un padre descubre que hemos conservado inadvertidamente informaci\u00f3n sobre su hijo antes de que la hayamos descubierto y borrado,\natenderemos cualquier solicitud para que se borre la informaci\u00f3n.<\/p>\n\n\n\n<h2 class=\"wp-block-heading\">Seguridad de Sus Informacion Personal<\/h2>\n\n\n\n<p class=\"\">Prestamos especial atenci\u00f3n a la seguridad. La empresa se compromete a proteger la seguridad de su informaci\u00f3n personal. Utilizamos diversas tecnolog\u00edas y procedimientos de seguridad para ayudar a proteger sus datos personales de accesos, usos o divulgaciones no autorizados.\nPor ejemplo, almacenamos la informaci\u00f3n personal que nos facilita en servidores inform\u00e1ticos de acceso limitado situados en instalaciones controladas. Adem\u00e1s, cuando transmitimos informaci\u00f3n personal sensible (como el n\u00famero de una tarjeta de cr\u00e9dito) a trav\u00e9s de Internet, los datos se encriptan utilizando el Est\u00e1ndar de Encriptadoado Avanzado (AES) especificado por\nel Instituto Nacional de Est\u00e1ndares y Tecnolog\u00eda (NIST) FIPS-197. A continuaci\u00f3n, protegemos la informaci\u00f3n mediante el uso del protocolo de Capa de Conexi\u00f3n Segura (SSL).<\/p>\n\n\n\n<p class=\"\">Dedicamos mucho tiempo y recursos a asegurarnos que los empleados no hagan un uso indebido de las cuentas de usuario ni de la informaci\u00f3n. Un grupo limitado de empleados est\u00e1 autorizado a acceder a las cuentas de usuario. Se les instruye sobre la importancia de mantener la privacidad de los usuarios y se documenta su acceso a las cuentas de \u00e9stos. Nuestros empleados s\u00f3lo pueden acceder a las cuentas y a los datos de registro con fines de calidad, seguridad, auditor\u00eda y otros fines comerciales internos. Tambi\u00e9n aplicamos tecnolog\u00edas y procedimientos para tratar de garantizar que terceros no puedan acceder a ni modificar la informaci\u00f3n personal de los usuarios en nuestros servidores. Estas tecnolog\u00edas y procedimientos incluyen m\u00e9todos est\u00e1ndar de la industria, as\u00ed como nuestros m\u00e9todos propios. No obstante, tenga en cuenta que no podemos garantizar una seguridad perfecta, de modo que sus datos personales nunca se divulgar\u00e1n de manera incompatible con la presente Pol\u00edtica de\nPrivacidad.<\/p>\n\n\n\n<h2 class=\"wp-block-heading\">Experiencia Personalizada<\/h2>\n\n\n\n<p class=\"\">Podemos colocar \"cookies\" de Internet en sus discos duros, o utilizar \"Web Beacons\" (im\u00e1genes invisibles conocidas como marcas de p\u00edxel o GIF invisibles) o tecnolog\u00eda similar para mejorar y personalizar su experiencia en el sitio. Una \"cookie\" es una peque\u00f1a l\u00ednea de texto que se almacena en su navegador de Internet con fines de registro y nos ayuda a ofrecerle un mejor servicio. Cuando vuelva a visitar el sitio, podremos reconocerle por la cookie de Internet y en consecuencia, personalizar su experiencia . S\u00f3lo almacenamos la cantidad m\u00ednima de\ninformaci\u00f3n necesaria para identificarle. Puede rechazar las cookies de Internet, si las hay,\nutilizando la funci\u00f3n correspondiente de su cliente Web de software , si est\u00e1 disponible. Sin\nembargo, rechazar el uso de cookies puede impedir el correcto funcionamiento del sitio.<\/p>\n\n\n\n<p class=\"\">Cuando usted realiza una b\u00fasqueda en nuestro sitio, podemos registrar informaci\u00f3n que le\nidentifique o que le vincule a la b\u00fasqueda realizada. Tambi\u00e9n podemos registrar informaci\u00f3n limitada asociada a cada solicitud de b\u00fasqueda realizada por usted y utilizar esa informaci\u00f3n para, entre otras cosas, resolver problemas t\u00e9cnicos con el servicio y calcular estad\u00edsticas generales de uso. Esta informaci\u00f3n se utiliza para ayudar a mejorar el sitio, analizar tendencias y a administrarlo. Algunos de nuestros sitios recolectan informaci\u00f3n sobre su hardware y\nsoftware con el fin de proporcionar alg\u00fan servicio solicitado.<\/p>\n\n\n\n<h2 class=\"wp-block-heading\">Enlaces a Otros Sitios<\/h2>\n\n\n\n<p class=\"\">Podemos proporcionar enlaces a otros sitios en Internet para su comodidad para ubicar\ninformaci\u00f3n y servicios relacionados. Estos sitios no han sido necesariamente revisados por nosotros y son mantenidos por terceros sobre los que no ejercemos ning\u00fan control. En\nconsecuencia, declinamos expresamente toda responsabilidad por las pol\u00edticas de privacidad,\nlas pr\u00e1cticas de recolecci\u00f3n de informaci\u00f3n, el contenido, la exactitud de la informaci\u00f3n y\/o la\ncalidad de los productos o servicios proporcionados o anunciados en estos sitios web de terceros. Adem\u00e1s, estos enlaces no implican aprobaci\u00f3n alguna con respecto a terceros o a cualquier sitio web o a los productos o servicios proporcionados por terceros.<\/p>\n\n\n\n<h2 class=\"wp-block-heading\">Cambios en Esta Declaraci\u00f3n<\/h2>\n\n\n\n<p class=\"\">Es posible que actualicemos ocasionalmente esta declaraci\u00f3n de privacidad. Cuando lo\nhagamos, tambi\u00e9n revisaremos la fecha de \"\u00faltima actualizaci\u00f3n\" en la parte superior de la\ndeclaraci\u00f3n de privacidad. En caso que se produzcan cambios sustanciales en esta declaraci\u00f3n de privacidad, se lo notificaremos mediante un aviso destacado en la p\u00e1gina de inicio de nuestro sitio web o envi\u00e1ndole una notificaci\u00f3n directamente. Le animamos a que revise peri\u00f3dicamente esta declaraci\u00f3n de privacidad para mantenerse informado sobre c\u00f3mo ayudamos a proteger la informaci\u00f3n personal que recolectamos. Su uso continuo del servicio constituye su aprobaci\u00f3n a esta declaraci\u00f3n de privacidad y de cualquier actualizaci\u00f3n.<\/p>\n\n\n\n<h2 class=\"wp-block-heading\">Informaci\u00f3n de Contacto<\/h2>\n\n\n\n<p class=\"\">Somos los \u00fanicos operadores del sitio web VentureX.co. Sus comentarios sobre esta declaraci\u00f3n de privacidad son bienvenidos. Por favor, p\u00f3ngase en contacto con el Responsable de\nCumplimiento en la direcci\u00f3n indicada a continuaci\u00f3n.<\/p>\n\n\n\n<p class=\"\"><strong>Venture X<\/strong><br>Attn: Webmaster<br>2121 Vista Parkway<br>West Palm Beach, FL 33411<br>contact@venturex.com<\/p>","protected":false},"excerpt":{"rendered":"<p>Effective Date: September 17, 2012 Who We Are Venture X, (\u201ccompany\u201d) is committed to protecting your privacy. This privacy statement explains data collection and use practices of the company in connection with this website (the \u201csite\u201d). It governs your use of the website and our services and products, including all software, features, and tools offered&#8230;<\/p>","protected":false},"author":9,"featured_media":0,"parent":0,"menu_order":0,"comment_status":"closed","ping_status":"closed","template":"","meta":{"nf_dc_page":"","footnotes":""},"class_list":["post-5420","page","type-page","status-publish","hentry"],"aioseo_notices":[],"jetpack_sharing_enabled":true,"_links":{"self":[{"href":"https:\/\/sacowork.com\/es\/wp-json\/wp\/v2\/pages\/5420","targetHints":{"allow":["GET"]}}],"collection":[{"href":"https:\/\/sacowork.com\/es\/wp-json\/wp\/v2\/pages"}],"about":[{"href":"https:\/\/sacowork.com\/es\/wp-json\/wp\/v2\/types\/page"}],"author":[{"embeddable":true,"href":"https:\/\/sacowork.com\/es\/wp-json\/wp\/v2\/users\/9"}],"replies":[{"embeddable":true,"href":"https:\/\/sacowork.com\/es\/wp-json\/wp\/v2\/comments?post=5420"}],"version-history":[{"count":0,"href":"https:\/\/sacowork.com\/es\/wp-json\/wp\/v2\/pages\/5420\/revisions"}],"wp:attachment":[{"href":"https:\/\/sacowork.com\/es\/wp-json\/wp\/v2\/media?parent=5420"}],"curies":[{"name":"wp","href":"https:\/\/api.w.org\/{rel}","templated":true}]}}